{"id":13475,"date":"2026-04-06T13:26:19","date_gmt":"2026-04-06T12:26:19","guid":{"rendered":"https:\/\/trendymark.net\/?post_type=product&#038;p=13475"},"modified":"2026-04-06T14:31:51","modified_gmt":"2026-04-06T13:31:51","slug":"mocassin-hommes-ref-t2cw-2-2-2-3-2-2-2-2-2-2-2","status":"publish","type":"product","link":"https:\/\/trendymark.net\/index.php\/produit\/mocassin-hommes-ref-t2cw-2-2-2-3-2-2-2-2-2-2-2\/","title":{"rendered":"Sneakers Hommes ( REF : S10N)"},"content":{"rendered":"<div class=\"u-list-icon\">\n<ul>\n<li>Tige: Cuir naturel.<\/li>\n<li>Doublure: Cuir synth\u00e9tique.<\/li>\n<li>Semelle Int\u00e9rieure: Eva<\/li>\n<li>Semelle Ext\u00e9rieure: EVA souple , l\u00e9g\u00e8re et confortable<\/li>\n<li>Couleur: Noir<\/li>\n<li>R\u00e9f\u00e9rence: S10N<\/li>\n<li>Origine : Tunisie.<\/li>\n<\/ul>\n<\/div>\n","protected":false},"excerpt":{"rendered":"Tige: Cuir naturel. Doublure: Cuir synth\u00e9tique. Semelle Int\u00e9rieure: Eva Semelle Ext\u00e9rieure: EVA souple , l\u00e9g\u00e8re et confortable Couleur:&hellip;","protected":false},"featured_media":13518,"comment_status":"open","ping_status":"closed","template":"","meta":[],"product_brand":[],"product_cat":[48],"product_tag":[],"class_list":{"0":"post-13475","1":"product","2":"type-product","3":"status-publish","4":"has-post-thumbnail","6":"product_cat-sneakers","7":"pa_couleur-noir","8":"pa_pointures-66","9":"pa_pointures-67","10":"pa_pointures-68","11":"pa_pointures-69","12":"pa_pointures-70","13":"mbf-entry","15":"first","16":"instock","17":"purchasable","18":"product-type-variable"},"jetpack_sharing_enabled":true,"_links":{"self":[{"href":"https:\/\/trendymark.net\/index.php\/wp-json\/wp\/v2\/product\/13475","targetHints":{"allow":["GET"]}}],"collection":[{"href":"https:\/\/trendymark.net\/index.php\/wp-json\/wp\/v2\/product"}],"about":[{"href":"https:\/\/trendymark.net\/index.php\/wp-json\/wp\/v2\/types\/product"}],"replies":[{"embeddable":true,"href":"https:\/\/trendymark.net\/index.php\/wp-json\/wp\/v2\/comments?post=13475"}],"wp:featuredmedia":[{"embeddable":true,"href":"https:\/\/trendymark.net\/index.php\/wp-json\/wp\/v2\/media\/13518"}],"wp:attachment":[{"href":"https:\/\/trendymark.net\/index.php\/wp-json\/wp\/v2\/media?parent=13475"}],"wp:term":[{"taxonomy":"product_brand","embeddable":true,"href":"https:\/\/trendymark.net\/index.php\/wp-json\/wp\/v2\/product_brand?post=13475"},{"taxonomy":"product_cat","embeddable":true,"href":"https:\/\/trendymark.net\/index.php\/wp-json\/wp\/v2\/product_cat?post=13475"},{"taxonomy":"product_tag","embeddable":true,"href":"https:\/\/trendymark.net\/index.php\/wp-json\/wp\/v2\/product_tag?post=13475"}],"curies":[{"name":"wp","href":"https:\/\/api.w.org\/{rel}","templated":true}]}}